{"id":29,"date":"2023-01-26T12:17:29","date_gmt":"2023-01-26T12:17:29","guid":{"rendered":"https:\/\/kinderarztpraxislutzfre.live-website.com\/?page_id=29"},"modified":"2023-11-16T10:04:45","modified_gmt":"2023-11-16T10:04:45","slug":"oeffnungszeiten","status":"publish","type":"page","link":"https:\/\/kinderarztpraxis-freitag.de\/?page_id=29","title":{"rendered":"\u00d6ffnungszeiten"},"content":{"rendered":"\n<p class=\"has-text-align-center has-medium-font-size\"><strong>Akutsprechstunde t\u00e4glich von 8.00 &#8211; 9.00<\/strong> <strong>Uhr<\/strong>, <strong>dienstags von 13.00 &#8211; 14.00<\/strong><\/p>\n\n\n\n<figure class=\"wp-block-table has-medium-font-size\"><table><tbody><tr><td>Montag<\/td><td>8.00 &#8211; 14.00 Uhr<\/td><\/tr><tr><td>Dienstag<\/td><td>13.00 &#8211; 17.00 Uhr<\/td><\/tr><tr><td>Mittwoch<\/td><td>8.00 &#8211; 14.00 Uhr<\/td><\/tr><tr><td>Donnerstag<\/td><td>8.00 &#8211; 12.00 und 13.00 &#8211; 17.00 Uhr<\/td><\/tr><tr><td>Freitag<\/td><td>8.00 &#8211; 13.00 Uhr<\/td><\/tr><\/tbody><\/table><\/figure>\n\n\n\n<p><\/p>\n\n\n\n<p class=\"has-text-align-center has-medium-font-size\"><strong>F\u00fcr ausf\u00fchrliche Gespr\u00e4che, Vorsorgeuntersuchungen oder Impfungen vereinbaren Sie bitte einen Termin<\/strong><\/p>\n\n\n\n<p><\/p>\n","protected":false},"excerpt":{"rendered":"<p>Akutsprechstunde t\u00e4glich von 8.00 &#8211; 9.00 Uhr, dienstags von 13.00 &#8211; 14.00 Montag 8.00 &#8211; 14.00 Uhr Dienstag 13.00 &#8211; 17.00 Uhr Mittwoch 8.00 &#8211; 14.00 Uhr Donnerstag 8.00 &#8211; 12.00 und 13.00 &#8211; 17.00 Uhr Freitag 8.00 &#8211; 13.00 Uhr F\u00fcr ausf\u00fchrliche Gespr\u00e4che, Vorsorgeuntersuchungen oder Impfungen vereinbaren Sie bitte einen Termin<\/p>\n","protected":false},"author":1,"featured_media":0,"parent":0,"menu_order":0,"comment_status":"closed","ping_status":"closed","template":"","meta":{"_kad_post_transparent":"","_kad_post_title":"","_kad_post_layout":"","_kad_post_sidebar_id":"","_kad_post_content_style":"","_kad_post_vertical_padding":"","_kad_post_feature":"","_kad_post_feature_position":"","_kad_post_header":false,"_kad_post_footer":false,"_kad_post_classname":"","footnotes":""},"class_list":["post-29","page","type-page","status-publish","hentry"],"_links":{"self":[{"href":"https:\/\/kinderarztpraxis-freitag.de\/index.php?rest_route=\/wp\/v2\/pages\/29","targetHints":{"allow":["GET"]}}],"collection":[{"href":"https:\/\/kinderarztpraxis-freitag.de\/index.php?rest_route=\/wp\/v2\/pages"}],"about":[{"href":"https:\/\/kinderarztpraxis-freitag.de\/index.php?rest_route=\/wp\/v2\/types\/page"}],"author":[{"embeddable":true,"href":"https:\/\/kinderarztpraxis-freitag.de\/index.php?rest_route=\/wp\/v2\/users\/1"}],"replies":[{"embeddable":true,"href":"https:\/\/kinderarztpraxis-freitag.de\/index.php?rest_route=%2Fwp%2Fv2%2Fcomments&post=29"}],"version-history":[{"count":5,"href":"https:\/\/kinderarztpraxis-freitag.de\/index.php?rest_route=\/wp\/v2\/pages\/29\/revisions"}],"predecessor-version":[{"id":121,"href":"https:\/\/kinderarztpraxis-freitag.de\/index.php?rest_route=\/wp\/v2\/pages\/29\/revisions\/121"}],"wp:attachment":[{"href":"https:\/\/kinderarztpraxis-freitag.de\/index.php?rest_route=%2Fwp%2Fv2%2Fmedia&parent=29"}],"curies":[{"name":"wp","href":"https:\/\/api.w.org\/{rel}","templated":true}]}}