{"id":2,"date":"2023-01-26T11:33:47","date_gmt":"2023-01-26T11:33:47","guid":{"rendered":"https:\/\/kinderarztpraxislutzfre.live-website.com\/?page_id=2"},"modified":"2026-04-07T04:10:41","modified_gmt":"2026-04-07T04:10:41","slug":"sample-page","status":"publish","type":"page","link":"https:\/\/kinderarztpraxis-freitag.de\/","title":{"rendered":"Startseite"},"content":{"rendered":"\n<hr class=\"wp-block-separator has-alpha-channel-opacity is-style-wide\"\/>\n\n\n\n<p>Hier finden Sie aktuelle Informationen<\/p>\n\n\n\n<p class=\"has-text-align-center has-medium-font-size\"><strong><u>Liebe Patienten,<br> die Praxis bleibt am 07.04.2026 bis zum 10.04.2026 geschlossen<\/u><\/strong><u>.<\/u><\/p>\n\n\n\n<p class=\"has-medium-font-size\"><strong>Die Vertretung in akuten F\u00e4llen \u00fcbernimmt:<\/strong><\/p>\n\n\n\n<figure class=\"wp-block-table\"><table class=\"has-fixed-layout\"><tbody><tr><td>Fr. Dr. Kleine<\/td><td>Paul-Gerhardt-Stra\u00dfe 47a<\/td><td>0371 &#8211; 4029841<\/td><\/tr><\/tbody><\/table><\/figure>\n\n\n\n<p><\/p>\n\n\n\n<p class=\"has-text-align-center has-medium-font-size\"><strong>Bitte melden Sie sich vorher telefonisch an. Die Sprechzeiten k\u00f6nnen variieren.<\/strong><\/p>\n\n\n\n<hr class=\"wp-block-separator has-alpha-channel-opacity is-style-wide\"\/>\n\n\n\n<p><\/p>\n\n\n\n<p><\/p>\n","protected":false},"excerpt":{"rendered":"<p>Hier finden Sie aktuelle Informationen Liebe Patienten, die Praxis bleibt am 07.04.2026 bis zum 10.04.2026 geschlossen. Die Vertretung in akuten F\u00e4llen \u00fcbernimmt: Fr. Dr. Kleine Paul-Gerhardt-Stra\u00dfe 47a 0371 &#8211; 4029841 Bitte melden Sie sich vorher telefonisch an. Die Sprechzeiten k\u00f6nnen variieren.<\/p>\n","protected":false},"author":1,"featured_media":0,"parent":0,"menu_order":0,"comment_status":"closed","ping_status":"open","template":"","meta":{"_kad_post_transparent":"","_kad_post_title":"","_kad_post_layout":"","_kad_post_sidebar_id":"","_kad_post_content_style":"","_kad_post_vertical_padding":"","_kad_post_feature":"","_kad_post_feature_position":"","_kad_post_header":false,"_kad_post_footer":false,"_kad_post_classname":"","footnotes":""},"class_list":["post-2","page","type-page","status-publish","hentry"],"_links":{"self":[{"href":"https:\/\/kinderarztpraxis-freitag.de\/index.php?rest_route=\/wp\/v2\/pages\/2","targetHints":{"allow":["GET"]}}],"collection":[{"href":"https:\/\/kinderarztpraxis-freitag.de\/index.php?rest_route=\/wp\/v2\/pages"}],"about":[{"href":"https:\/\/kinderarztpraxis-freitag.de\/index.php?rest_route=\/wp\/v2\/types\/page"}],"author":[{"embeddable":true,"href":"https:\/\/kinderarztpraxis-freitag.de\/index.php?rest_route=\/wp\/v2\/users\/1"}],"replies":[{"embeddable":true,"href":"https:\/\/kinderarztpraxis-freitag.de\/index.php?rest_route=%2Fwp%2Fv2%2Fcomments&post=2"}],"version-history":[{"count":103,"href":"https:\/\/kinderarztpraxis-freitag.de\/index.php?rest_route=\/wp\/v2\/pages\/2\/revisions"}],"predecessor-version":[{"id":276,"href":"https:\/\/kinderarztpraxis-freitag.de\/index.php?rest_route=\/wp\/v2\/pages\/2\/revisions\/276"}],"wp:attachment":[{"href":"https:\/\/kinderarztpraxis-freitag.de\/index.php?rest_route=%2Fwp%2Fv2%2Fmedia&parent=2"}],"curies":[{"name":"wp","href":"https:\/\/api.w.org\/{rel}","templated":true}]}}