{"id":19,"date":"2023-01-26T11:53:50","date_gmt":"2023-01-26T11:53:50","guid":{"rendered":"https:\/\/kinderarztpraxislutzfre.live-website.com\/?page_id=19"},"modified":"2023-01-26T13:39:31","modified_gmt":"2023-01-26T13:39:31","slug":"impressum","status":"publish","type":"page","link":"https:\/\/kinderarztpraxis-freitag.de\/?page_id=19","title":{"rendered":"Impressum"},"content":{"rendered":"\n<h2>Angaben gem\u00e4\u00df \u00a7 5 TMG<\/h2>\n<p>Lutz Freitag<br>\nSonnenstra\u00dfe 45<br>\n09130 Chemnitz<\/p>\n\n<h2>Kontakt<\/h2>\n<p>Telefon: 03714010239<br>\nE-Mail: info(at)kinderarztpraxis-freitag.de<\/p>\n\n<h2>Berufsbezeichnung und berufsrechtliche Regelungen<\/h2>\n<p>Berufsbezeichnung:<br>\nFacharzt f\u00fcr Kinder- und Jugendmedizin<\/p>\n<p>Zust\u00e4ndige Kammer:<br>\nS\u00e4chsische Landes\u00e4rztekammer<br>\nSch\u00fctzenh\u00f6he 16<br>\n01099 Dresden<\/p>\n<p>Verliehen in:<br>\nDeutschland<\/p>\n<p>Es gelten folgende berufsrechtliche Regelungen:<\/p>\n<h2>Angaben zur Berufs\u00adhaftpflicht\u00adversicherung<\/h2>\n<p><strong>Name und Sitz des Versicherers:<\/strong><br>\nHDI Versicherung AG<br>\nHDI Platz 1<br>\n30659 Hannover<\/p>\n<p><strong>Geltungsraum der Versicherung:<\/strong><br>Deutschland<\/p>\n\n<h2>Verbraucher\u00adstreit\u00adbeilegung\/Universal\u00adschlichtungs\u00adstelle<\/h2>\n<p>Wir sind nicht bereit oder verpflichtet, an Streitbeilegungsverfahren vor einer Verbraucherschlichtungsstelle teilzunehmen.<\/p>\n\n<p>Quelle: <a href=\"https:\/\/www.e-recht24.de\">https:\/\/www.e-recht24.de<\/a><\/p>\n","protected":false},"excerpt":{"rendered":"<p>Angaben gem\u00e4\u00df \u00a7 5 TMG Lutz Freitag Sonnenstra\u00dfe 45 09130 Chemnitz Kontakt Telefon: 03714010239 E-Mail: info(at)kinderarztpraxis-freitag.de Berufsbezeichnung und berufsrechtliche Regelungen Berufsbezeichnung: Facharzt f\u00fcr Kinder- und Jugendmedizin Zust\u00e4ndige Kammer: S\u00e4chsische Landes\u00e4rztekammer Sch\u00fctzenh\u00f6he 16 01099 Dresden Verliehen in: Deutschland Es gelten folgende berufsrechtliche Regelungen: Angaben zur Berufs\u00adhaftpflicht\u00adversicherung Name und Sitz des Versicherers: HDI Versicherung AG HDI Platz&#8230;<\/p>\n","protected":false},"author":1,"featured_media":0,"parent":0,"menu_order":0,"comment_status":"closed","ping_status":"closed","template":"","meta":{"_kad_post_transparent":"","_kad_post_title":"","_kad_post_layout":"","_kad_post_sidebar_id":"","_kad_post_content_style":"","_kad_post_vertical_padding":"","_kad_post_feature":"","_kad_post_feature_position":"","_kad_post_header":false,"_kad_post_footer":false,"_kad_post_classname":"","footnotes":""},"class_list":["post-19","page","type-page","status-publish","hentry"],"_links":{"self":[{"href":"https:\/\/kinderarztpraxis-freitag.de\/index.php?rest_route=\/wp\/v2\/pages\/19","targetHints":{"allow":["GET"]}}],"collection":[{"href":"https:\/\/kinderarztpraxis-freitag.de\/index.php?rest_route=\/wp\/v2\/pages"}],"about":[{"href":"https:\/\/kinderarztpraxis-freitag.de\/index.php?rest_route=\/wp\/v2\/types\/page"}],"author":[{"embeddable":true,"href":"https:\/\/kinderarztpraxis-freitag.de\/index.php?rest_route=\/wp\/v2\/users\/1"}],"replies":[{"embeddable":true,"href":"https:\/\/kinderarztpraxis-freitag.de\/index.php?rest_route=%2Fwp%2Fv2%2Fcomments&post=19"}],"version-history":[{"count":2,"href":"https:\/\/kinderarztpraxis-freitag.de\/index.php?rest_route=\/wp\/v2\/pages\/19\/revisions"}],"predecessor-version":[{"id":43,"href":"https:\/\/kinderarztpraxis-freitag.de\/index.php?rest_route=\/wp\/v2\/pages\/19\/revisions\/43"}],"wp:attachment":[{"href":"https:\/\/kinderarztpraxis-freitag.de\/index.php?rest_route=%2Fwp%2Fv2%2Fmedia&parent=19"}],"curies":[{"name":"wp","href":"https:\/\/api.w.org\/{rel}","templated":true}]}}